{"id":53,"date":"2021-05-13T07:22:19","date_gmt":"2021-05-13T05:22:19","guid":{"rendered":"https:\/\/aux-porcelaines-de-sylvie.mvh-site.fr\/?page_id=53"},"modified":"2023-10-05T09:31:36","modified_gmt":"2023-10-05T07:31:36","slug":"a-propos-de","status":"publish","type":"page","link":"https:\/\/aux-porcelaines-de-sylvie.mvh-site.fr\/index.php\/a-propos-de\/","title":{"rendered":"A propos de"},"content":{"rendered":"\t\t<div data-elementor-type=\"wp-page\" data-elementor-id=\"53\" class=\"elementor elementor-53\">\n\t\t\t\t<div class=\"elementor-element elementor-element-8396679 e-flex e-con-boxed e-con e-parent\" data-id=\"8396679\" data-element_type=\"container\" data-e-type=\"container\">\n\t\t\t\t\t<div class=\"e-con-inner\">\n\t\t\t\t<div class=\"elementor-element elementor-element-f5eccc2 elementor-widget elementor-widget-heading\" data-id=\"f5eccc2\" data-element_type=\"widget\" data-e-type=\"widget\" data-widget_type=\"heading.default\">\n\t\t\t\t<div class=\"elementor-widget-container\">\n\t\t\t\t\t<h1 class=\"elementor-heading-title elementor-size-default\">Mon atelier<\/h1>\t\t\t\t<\/div>\n\t\t\t\t<\/div>\n\t\t\t\t<div class=\"elementor-element elementor-element-0e638f1 elementor-widget elementor-widget-text-editor\" data-id=\"0e638f1\" data-element_type=\"widget\" data-e-type=\"widget\" data-widget_type=\"text-editor.default\">\n\t\t\t\t<div class=\"elementor-widget-container\">\n\t\t\t\t\t\t\t\t\t<p>Dans mon atelier situ\u00e9 \u00e0 Quesnoy-sur-De\u00fble, je d\u00e9core la porcelaine de petits motifs na\u00effs et po\u00e9tiques.<\/p>\t\t\t\t\t\t\t\t<\/div>\n\t\t\t\t<\/div>\n\t\t\t\t\t<\/div>\n\t\t\t\t<\/div>\n\t\t<div class=\"elementor-element elementor-element-0d0c671 e-flex e-con-boxed e-con e-parent\" data-id=\"0d0c671\" data-element_type=\"container\" data-e-type=\"container\">\n\t\t\t\t\t<div class=\"e-con-inner\">\n\t\t\t\t<div class=\"elementor-element elementor-element-9c2cba1 elementor-widget elementor-widget-image\" data-id=\"9c2cba1\" data-element_type=\"widget\" data-e-type=\"widget\" data-widget_type=\"image.default\">\n\t\t\t\t<div class=\"elementor-widget-container\">\n\t\t\t\t\t\t\t\t\t\t\t\t\t\t\t<img fetchpriority=\"high\" decoding=\"async\" width=\"300\" height=\"300\" src=\"https:\/\/aux-porcelaines-de-sylvie.mvh-site.fr\/wp-content\/uploads\/2021\/05\/atelier-des-reves-rev2-300x300.png\" class=\"attachment-medium size-medium wp-image-42\" alt=\"atelier\" srcset=\"https:\/\/aux-porcelaines-de-sylvie.mvh-site.fr\/wp-content\/uploads\/2021\/05\/atelier-des-reves-rev2-300x300.png 300w, https:\/\/aux-porcelaines-de-sylvie.mvh-site.fr\/wp-content\/uploads\/2021\/05\/atelier-des-reves-rev2-150x150.png 150w, https:\/\/aux-porcelaines-de-sylvie.mvh-site.fr\/wp-content\/uploads\/2021\/05\/atelier-des-reves-rev2.png 500w\" sizes=\"(max-width: 300px) 100vw, 300px\" \/>\t\t\t\t\t\t\t\t\t\t\t\t\t\t\t<\/div>\n\t\t\t\t<\/div>\n\t\t\t\t<div class=\"elementor-element elementor-element-220e50d elementor-widget elementor-widget-text-editor\" data-id=\"220e50d\" data-element_type=\"widget\" data-e-type=\"widget\" data-widget_type=\"text-editor.default\">\n\t\t\t\t<div class=\"elementor-widget-container\">\n\t\t\t\t\t\t\t\t\t<p>La nature et des sc\u00e8nes de vie m\u2019offrent une belle inspiration, la passion et l\u2019amour font le reste.\u00a0<\/p>\t\t\t\t\t\t\t\t<\/div>\n\t\t\t\t<\/div>\n\t\t\t\t\t<\/div>\n\t\t\t\t<\/div>\n\t\t<div class=\"elementor-element elementor-element-c6ee01f e-flex e-con-boxed e-con e-parent\" data-id=\"c6ee01f\" data-element_type=\"container\" data-e-type=\"container\">\n\t\t\t\t\t<div class=\"e-con-inner\">\n\t\t<div class=\"elementor-element elementor-element-288fd3e e-con-full e-flex e-con e-child\" data-id=\"288fd3e\" data-element_type=\"container\" data-e-type=\"container\">\n\t\t\t\t<div class=\"elementor-element elementor-element-19b7091 elementor-widget elementor-widget-image\" data-id=\"19b7091\" data-element_type=\"widget\" data-e-type=\"widget\" data-widget_type=\"image.default\">\n\t\t\t\t<div class=\"elementor-widget-container\">\n\t\t\t\t\t\t\t\t\t\t\t\t\t\t\t<img decoding=\"async\" width=\"182\" height=\"300\" src=\"https:\/\/aux-porcelaines-de-sylvie.mvh-site.fr\/wp-content\/uploads\/2023\/08\/bijoux-44-183.jpg\" class=\"attachment-full size-full wp-image-577\" alt=\"\" \/>\t\t\t\t\t\t\t\t\t\t\t\t\t\t\t<\/div>\n\t\t\t\t<\/div>\n\t\t\t\t<\/div>\n\t\t<div class=\"elementor-element elementor-element-8526759 e-con-full e-flex e-con e-child\" data-id=\"8526759\" data-element_type=\"container\" data-e-type=\"container\">\n\t\t\t\t<div class=\"elementor-element elementor-element-66c44a8 elementor-widget elementor-widget-image\" data-id=\"66c44a8\" data-element_type=\"widget\" data-e-type=\"widget\" data-widget_type=\"image.default\">\n\t\t\t\t<div class=\"elementor-widget-container\">\n\t\t\t\t\t\t\t\t\t\t\t\t\t\t\t<img decoding=\"async\" width=\"300\" height=\"300\" src=\"https:\/\/aux-porcelaines-de-sylvie.mvh-site.fr\/wp-content\/uploads\/2021\/08\/assiette-4-300x300.jpg\" class=\"attachment-medium size-medium wp-image-141\" alt=\"\" srcset=\"https:\/\/aux-porcelaines-de-sylvie.mvh-site.fr\/wp-content\/uploads\/2021\/08\/assiette-4-300x300.jpg 300w, https:\/\/aux-porcelaines-de-sylvie.mvh-site.fr\/wp-content\/uploads\/2021\/08\/assiette-4-1019x1024.jpg 1019w, https:\/\/aux-porcelaines-de-sylvie.mvh-site.fr\/wp-content\/uploads\/2021\/08\/assiette-4-150x150.jpg 150w, https:\/\/aux-porcelaines-de-sylvie.mvh-site.fr\/wp-content\/uploads\/2021\/08\/assiette-4.jpg 1075w\" sizes=\"(max-width: 300px) 100vw, 300px\" \/>\t\t\t\t\t\t\t\t\t\t\t\t\t\t\t<\/div>\n\t\t\t\t<\/div>\n\t\t\t\t<\/div>\n\t\t<div class=\"elementor-element elementor-element-3abc742 e-con-full e-flex e-con e-child\" data-id=\"3abc742\" data-element_type=\"container\" data-e-type=\"container\">\n\t\t\t\t<\/div>\n\t\t\t\t\t<\/div>\n\t\t\t\t<\/div>\n\t\t<div class=\"elementor-element elementor-element-7e072c4 e-flex e-con-boxed e-con e-parent\" data-id=\"7e072c4\" data-element_type=\"container\" data-e-type=\"container\">\n\t\t\t\t\t<div class=\"e-con-inner\">\n\t\t<div class=\"elementor-element elementor-element-53aecb8 e-con-full e-flex e-con e-child\" data-id=\"53aecb8\" data-element_type=\"container\" data-e-type=\"container\">\n\t\t\t\t<div class=\"elementor-element elementor-element-587ac60 elementor-widget elementor-widget-image\" data-id=\"587ac60\" data-element_type=\"widget\" data-e-type=\"widget\" data-widget_type=\"image.default\">\n\t\t\t\t<div class=\"elementor-widget-container\">\n\t\t\t\t\t\t\t\t\t\t\t\t\t\t\t<img loading=\"lazy\" decoding=\"async\" width=\"300\" height=\"119\" src=\"https:\/\/aux-porcelaines-de-sylvie.mvh-site.fr\/wp-content\/uploads\/2021\/05\/troisfemmes-300x119.png\" class=\"attachment-medium size-medium wp-image-47\" alt=\"trois-femmes\" srcset=\"https:\/\/aux-porcelaines-de-sylvie.mvh-site.fr\/wp-content\/uploads\/2021\/05\/troisfemmes-300x119.png 300w, https:\/\/aux-porcelaines-de-sylvie.mvh-site.fr\/wp-content\/uploads\/2021\/05\/troisfemmes.png 392w\" sizes=\"(max-width: 300px) 100vw, 300px\" \/>\t\t\t\t\t\t\t\t\t\t\t\t\t\t\t<\/div>\n\t\t\t\t<\/div>\n\t\t\t\t<\/div>\n\t\t<div class=\"elementor-element elementor-element-9c8225d e-con-full e-flex e-con e-child\" data-id=\"9c8225d\" data-element_type=\"container\" data-e-type=\"container\">\n\t\t\t\t<\/div>\n\t\t\t\t\t<\/div>\n\t\t\t\t<\/div>\n\t\t<div class=\"elementor-element elementor-element-fddcea2 e-flex e-con-boxed e-con e-parent\" data-id=\"fddcea2\" data-element_type=\"container\" data-e-type=\"container\">\n\t\t\t\t\t<div class=\"e-con-inner\">\n\t\t\t\t<div class=\"elementor-element elementor-element-efaeee7 elementor-widget elementor-widget-text-editor\" data-id=\"efaeee7\" data-element_type=\"widget\" data-e-type=\"widget\" data-widget_type=\"text-editor.default\">\n\t\t\t\t<div class=\"elementor-widget-container\">\n\t\t\t\t\t\t\t\t\t<p>Pour peindre, j&rsquo;utilise des pigments sans plomb ,des m\u00e9diums et de l&rsquo;essence de lavande .<\/p>\t\t\t\t\t\t\t\t<\/div>\n\t\t\t\t<\/div>\n\t\t\t\t\t<\/div>\n\t\t\t\t<\/div>\n\t\t<div class=\"elementor-element elementor-element-7ae40f6 e-flex e-con-boxed e-con e-parent\" data-id=\"7ae40f6\" data-element_type=\"container\" data-e-type=\"container\">\n\t\t\t\t\t<div class=\"e-con-inner\">\n\t\t<div class=\"elementor-element elementor-element-d3e57d8 e-con-full e-flex e-con e-child\" data-id=\"d3e57d8\" data-element_type=\"container\" data-e-type=\"container\">\n\t\t\t\t<div class=\"elementor-element elementor-element-2965d87 elementor-widget elementor-widget-image\" data-id=\"2965d87\" data-element_type=\"widget\" data-e-type=\"widget\" data-widget_type=\"image.default\">\n\t\t\t\t<div class=\"elementor-widget-container\">\n\t\t\t\t\t\t\t\t\t\t\t\t\t\t\t<img loading=\"lazy\" decoding=\"async\" width=\"253\" height=\"300\" src=\"https:\/\/aux-porcelaines-de-sylvie.mvh-site.fr\/wp-content\/uploads\/2021\/05\/new-pigments-253x300.png\" class=\"attachment-medium size-medium wp-image-57\" alt=\"pigments\" srcset=\"https:\/\/aux-porcelaines-de-sylvie.mvh-site.fr\/wp-content\/uploads\/2021\/05\/new-pigments-253x300.png 253w, https:\/\/aux-porcelaines-de-sylvie.mvh-site.fr\/wp-content\/uploads\/2021\/05\/new-pigments.png 470w\" sizes=\"(max-width: 253px) 100vw, 253px\" \/>\t\t\t\t\t\t\t\t\t\t\t\t\t\t\t<\/div>\n\t\t\t\t<\/div>\n\t\t\t\t<\/div>\n\t\t<div class=\"elementor-element elementor-element-e7da29e e-con-full e-flex e-con e-child\" data-id=\"e7da29e\" data-element_type=\"container\" data-e-type=\"container\">\n\t\t\t\t<\/div>\n\t\t\t\t\t<\/div>\n\t\t\t\t<\/div>\n\t\t<div class=\"elementor-element elementor-element-70984c1 e-flex e-con-boxed e-con e-parent\" data-id=\"70984c1\" data-element_type=\"container\" data-e-type=\"container\">\n\t\t\t\t\t<div class=\"e-con-inner\">\n\t\t\t\t<div class=\"elementor-element elementor-element-d4a1d65 elementor-widget elementor-widget-text-editor\" data-id=\"d4a1d65\" data-element_type=\"widget\" data-e-type=\"widget\" data-widget_type=\"text-editor.default\">\n\t\t\t\t<div class=\"elementor-widget-container\">\n\t\t\t\t\t\t\t\t\t<p>La porcelaine par\u00e9e de ses plus beaux atours est ensuite cuite \u00e0 tr\u00e8s haute temp\u00e9rature (entre 800 et 900 degr\u00e9s) dans un four professionnel, pour plusieurs cuissons d&rsquo;environ 20h.<\/p>\t\t\t\t\t\t\t\t<\/div>\n\t\t\t\t<\/div>\n\t\t\t\t\t<\/div>\n\t\t\t\t<\/div>\n\t\t<div class=\"elementor-element elementor-element-c2488bd e-flex e-con-boxed e-con e-parent\" data-id=\"c2488bd\" data-element_type=\"container\" data-e-type=\"container\">\n\t\t\t\t\t<div class=\"e-con-inner\">\n\t\t<div class=\"elementor-element elementor-element-18442fa e-con-full e-flex e-con e-child\" data-id=\"18442fa\" data-element_type=\"container\" data-e-type=\"container\">\n\t\t\t\t<div class=\"elementor-element elementor-element-662d187 elementor-widget elementor-widget-image\" data-id=\"662d187\" data-element_type=\"widget\" data-e-type=\"widget\" data-widget_type=\"image.default\">\n\t\t\t\t<div class=\"elementor-widget-container\">\n\t\t\t\t\t\t\t\t\t\t\t\t\t\t\t<img loading=\"lazy\" decoding=\"async\" width=\"229\" height=\"300\" src=\"https:\/\/aux-porcelaines-de-sylvie.mvh-site.fr\/wp-content\/uploads\/2021\/05\/new-four2-229x300.png\" class=\"attachment-medium size-medium wp-image-61\" alt=\"four2\" srcset=\"https:\/\/aux-porcelaines-de-sylvie.mvh-site.fr\/wp-content\/uploads\/2021\/05\/new-four2-229x300.png 229w, https:\/\/aux-porcelaines-de-sylvie.mvh-site.fr\/wp-content\/uploads\/2021\/05\/new-four2.png 729w\" sizes=\"(max-width: 229px) 100vw, 229px\" \/>\t\t\t\t\t\t\t\t\t\t\t\t\t\t\t<\/div>\n\t\t\t\t<\/div>\n\t\t\t\t<\/div>\n\t\t<div class=\"elementor-element elementor-element-7d2dd1f e-con-full e-flex e-con e-child\" data-id=\"7d2dd1f\" data-element_type=\"container\" data-e-type=\"container\">\n\t\t\t\t<div class=\"elementor-element elementor-element-fd97304 elementor-widget elementor-widget-image\" data-id=\"fd97304\" data-element_type=\"widget\" data-e-type=\"widget\" data-widget_type=\"image.default\">\n\t\t\t\t<div class=\"elementor-widget-container\">\n\t\t\t\t\t\t\t\t\t\t\t\t\t\t\t<img loading=\"lazy\" decoding=\"async\" width=\"227\" height=\"300\" src=\"https:\/\/aux-porcelaines-de-sylvie.mvh-site.fr\/wp-content\/uploads\/2021\/05\/new-four-1-227x300.png\" class=\"attachment-medium size-medium wp-image-60\" alt=\"four1\" srcset=\"https:\/\/aux-porcelaines-de-sylvie.mvh-site.fr\/wp-content\/uploads\/2021\/05\/new-four-1-227x300.png 227w, https:\/\/aux-porcelaines-de-sylvie.mvh-site.fr\/wp-content\/uploads\/2021\/05\/new-four-1.png 722w\" sizes=\"(max-width: 227px) 100vw, 227px\" \/>\t\t\t\t\t\t\t\t\t\t\t\t\t\t\t<\/div>\n\t\t\t\t<\/div>\n\t\t\t\t<\/div>\n\t\t<div class=\"elementor-element elementor-element-a74a027 e-con-full e-flex e-con e-child\" data-id=\"a74a027\" data-element_type=\"container\" data-e-type=\"container\">\n\t\t\t\t<div class=\"elementor-element elementor-element-5c979c8 elementor-widget elementor-widget-image\" data-id=\"5c979c8\" data-element_type=\"widget\" data-e-type=\"widget\" data-widget_type=\"image.default\">\n\t\t\t\t<div class=\"elementor-widget-container\">\n\t\t\t\t\t\t\t\t\t\t\t\t\t\t\t<img loading=\"lazy\" decoding=\"async\" width=\"300\" height=\"234\" src=\"https:\/\/aux-porcelaines-de-sylvie.mvh-site.fr\/wp-content\/uploads\/2021\/05\/new-four3-300x234.png\" class=\"attachment-medium size-medium wp-image-62\" alt=\"four3\" srcset=\"https:\/\/aux-porcelaines-de-sylvie.mvh-site.fr\/wp-content\/uploads\/2021\/05\/new-four3-300x234.png 300w, https:\/\/aux-porcelaines-de-sylvie.mvh-site.fr\/wp-content\/uploads\/2021\/05\/new-four3.png 719w\" sizes=\"(max-width: 300px) 100vw, 300px\" \/>\t\t\t\t\t\t\t\t\t\t\t\t\t\t\t<\/div>\n\t\t\t\t<\/div>\n\t\t\t\t<\/div>\n\t\t\t\t\t<\/div>\n\t\t\t\t<\/div>\n\t\t\t\t<\/div>\n\t\t","protected":false},"excerpt":{"rendered":"<p>Mon atelier Dans mon atelier situ\u00e9 \u00e0 Quesnoy-sur-De\u00fble, je d\u00e9core la porcelaine de petits motifs na\u00effs et po\u00e9tiques. La nature et des sc\u00e8nes de vie m\u2019offrent une belle inspiration, la passion et l\u2019amour font le reste.\u00a0 Pour peindre, j&rsquo;utilise des pigments sans plomb ,des m\u00e9diums et de l&rsquo;essence de lavande . La porcelaine par\u00e9e de [&hellip;]<\/p>\n","protected":false},"author":1,"featured_media":0,"parent":0,"menu_order":0,"comment_status":"closed","ping_status":"closed","template":"","meta":{"site-sidebar-layout":"default","site-content-layout":"","ast-site-content-layout":"default","site-content-style":"default","site-sidebar-style":"default","ast-global-header-display":"","ast-banner-title-visibility":"","ast-main-header-display":"","ast-hfb-above-header-display":"","ast-hfb-below-header-display":"","ast-hfb-mobile-header-display":"","site-post-title":"","ast-breadcrumbs-content":"","ast-featured-img":"","footer-sml-layout":"","ast-disable-related-posts":"","theme-transparent-header-meta":"","adv-header-id-meta":"","stick-header-meta":"","header-above-stick-meta":"","header-main-stick-meta":"","header-below-stick-meta":"","astra-migrate-meta-layouts":"default","ast-page-background-enabled":"default","ast-page-background-meta":{"desktop":{"background-color":"var(--ast-global-color-4)","background-image":"","background-repeat":"repeat","background-position":"center center","background-size":"auto","background-attachment":"scroll","background-type":"","background-media":"","overlay-type":"","overlay-color":"","overlay-opacity":"","overlay-gradient":""},"tablet":{"background-color":"","background-image":"","background-repeat":"repeat","background-position":"center center","background-size":"auto","background-attachment":"scroll","background-type":"","background-media":"","overlay-type":"","overlay-color":"","overlay-opacity":"","overlay-gradient":""},"mobile":{"background-color":"","background-image":"","background-repeat":"repeat","background-position":"center center","background-size":"auto","background-attachment":"scroll","background-type":"","background-media":"","overlay-type":"","overlay-color":"","overlay-opacity":"","overlay-gradient":""}},"ast-content-background-meta":{"desktop":{"background-color":"var(--ast-global-color-5)","background-image":"","background-repeat":"repeat","background-position":"center center","background-size":"auto","background-attachment":"scroll","background-type":"","background-media":"","overlay-type":"","overlay-color":"","overlay-opacity":"","overlay-gradient":""},"tablet":{"background-color":"var(--ast-global-color-5)","background-image":"","background-repeat":"repeat","background-position":"center center","background-size":"auto","background-attachment":"scroll","background-type":"","background-media":"","overlay-type":"","overlay-color":"","overlay-opacity":"","overlay-gradient":""},"mobile":{"background-color":"var(--ast-global-color-5)","background-image":"","background-repeat":"repeat","background-position":"center center","background-size":"auto","background-attachment":"scroll","background-type":"","background-media":"","overlay-type":"","overlay-color":"","overlay-opacity":"","overlay-gradient":""}},"footnotes":""},"class_list":["post-53","page","type-page","status-publish","hentry"],"_links":{"self":[{"href":"https:\/\/aux-porcelaines-de-sylvie.mvh-site.fr\/index.php\/wp-json\/wp\/v2\/pages\/53","targetHints":{"allow":["GET"]}}],"collection":[{"href":"https:\/\/aux-porcelaines-de-sylvie.mvh-site.fr\/index.php\/wp-json\/wp\/v2\/pages"}],"about":[{"href":"https:\/\/aux-porcelaines-de-sylvie.mvh-site.fr\/index.php\/wp-json\/wp\/v2\/types\/page"}],"author":[{"embeddable":true,"href":"https:\/\/aux-porcelaines-de-sylvie.mvh-site.fr\/index.php\/wp-json\/wp\/v2\/users\/1"}],"replies":[{"embeddable":true,"href":"https:\/\/aux-porcelaines-de-sylvie.mvh-site.fr\/index.php\/wp-json\/wp\/v2\/comments?post=53"}],"version-history":[{"count":42,"href":"https:\/\/aux-porcelaines-de-sylvie.mvh-site.fr\/index.php\/wp-json\/wp\/v2\/pages\/53\/revisions"}],"predecessor-version":[{"id":595,"href":"https:\/\/aux-porcelaines-de-sylvie.mvh-site.fr\/index.php\/wp-json\/wp\/v2\/pages\/53\/revisions\/595"}],"wp:attachment":[{"href":"https:\/\/aux-porcelaines-de-sylvie.mvh-site.fr\/index.php\/wp-json\/wp\/v2\/media?parent=53"}],"curies":[{"name":"wp","href":"https:\/\/api.w.org\/{rel}","templated":true}]}}